{"id":2,"date":"2024-08-03T21:47:22","date_gmt":"2024-08-03T19:47:22","guid":{"rendered":"https:\/\/bergmangroup.pl\/?page_id=2"},"modified":"2024-10-16T18:00:20","modified_gmt":"2024-10-16T16:00:20","slug":"strona-glowna","status":"publish","type":"page","link":"https:\/\/bergmangroup.pl\/","title":{"rendered":"Strona g\u0142\u00f3wna"},"content":{"rendered":"<p>[et_pb_section fb_built=&#8221;1&#8243; theme_builder_area=&#8221;post_content&#8221; _builder_version=&#8221;4.25.2&#8243; _module_preset=&#8221;default&#8221;][\/et_pb_section]<\/p>\n","protected":false},"excerpt":{"rendered":"","protected":false},"author":3,"featured_media":0,"parent":0,"menu_order":0,"comment_status":"closed","ping_status":"closed","template":"","meta":{"_et_pb_use_builder":"on","_et_pb_old_content":"<!-- wp:paragraph -->\n<p>Przyk\u0142adowa strona. Strony s\u0105 inne ni\u017c wpisy na blogu, poniewa\u017c nie tylko znajduj\u0105 si\u0119 zawsze w jednym miejscu, ale tak\u017ce pojawiaj\u0105 si\u0119 w menu witryny (w wi\u0119kszo\u015bci motyw\u00f3w). Wi\u0119kszo\u015b\u0107 u\u017cytkownik\u00f3w zaczyna od strony z informacjami o sobie, kt\u00f3ra zapozna ich przed odwiedzaj\u0105cymi witryn\u0119. Taka strona mo\u017ce zawiera\u0107 na przyk\u0142ad tak\u0105 tre\u015b\u0107:<\/p>\n<!-- \/wp:paragraph -->\n\n<!-- wp:quote -->\n<blockquote class=\"wp-block-quote\"><!-- wp:paragraph -->\n<p>Cze\u015b\u0107! Za dnia jestem kurierem rowerowym, noc\u0105 pr\u00f3buj\u0119 swoich si\u0142 w aktorstwie, a to jest moja witryna. Mieszkam w Krakowie, mam wspania\u0142ego psa kt\u00f3ry wabi si\u0119 Reks i lubi\u0119 pi\u00f1a colad\u0119 (oraz spacery, gdy pada deszcz).<\/p>\n<!-- \/wp:paragraph --><\/blockquote>\n<!-- \/wp:quote -->\n\n<!-- wp:paragraph -->\n<p>...albo co\u015b takiego:<\/p>\n<!-- \/wp:paragraph -->\n\n<!-- wp:quote -->\n<blockquote class=\"wp-block-quote\"><!-- wp:paragraph -->\n<p>Firma XYZ Doohickey zosta\u0142a za\u0142o\u017cona w 1971 roku i od tamtej pory dostarcza spo\u0142ecze\u0144stwu dobrej jako\u015bci gad\u017cety. Znajduj\u0105ca si\u0119 w Gotham City XYZ zatrudnia ponad 2000 os\u00f3b i robi niesamowite rzeczy dla spo\u0142eczno\u015bci Gotham.<\/p>\n<!-- \/wp:paragraph --><\/blockquote>\n<!-- \/wp:quote -->\n\n<!-- wp:paragraph -->\n<p>Jako nowy u\u017cytkownik WordPressa, powiniene\u015b przej\u015b\u0107 do <a href=\"https:\/\/bergmangroup.pl\/wp-admin\/\">swojego kokpitu<\/a> aby usun\u0105\u0107 t\u0119 stron\u0119 i stworzy\u0107 nowe z w\u0142asn\u0105 tre\u015bci\u0105. Dobrej zabawy!<\/p>\n<!-- \/wp:paragraph -->","_et_gb_content_width":"","inline_featured_image":false,"two_page_speed":{"current_score":{"desktop_score":98,"desktop_tti":"1.0\u00a0","mobile_score":76,"mobile_tti":"4.9\u00a0","date":"16.10.2024 06:03:10 pm","status":"completed"},"previous_score":{"desktop_score":86,"desktop_tti":"1.4\u00a0","mobile_score":40,"mobile_tti":"6.5\u00a0","date":"16.10.2024 06:02:39 pm","status":"completed"}},"footnotes":""},"class_list":["post-2","page","type-page","status-publish","hentry"],"_links":{"self":[{"href":"https:\/\/bergmangroup.pl\/index.php\/wp-json\/wp\/v2\/pages\/2","targetHints":{"allow":["GET"]}}],"collection":[{"href":"https:\/\/bergmangroup.pl\/index.php\/wp-json\/wp\/v2\/pages"}],"about":[{"href":"https:\/\/bergmangroup.pl\/index.php\/wp-json\/wp\/v2\/types\/page"}],"author":[{"embeddable":true,"href":"https:\/\/bergmangroup.pl\/index.php\/wp-json\/wp\/v2\/users\/3"}],"replies":[{"embeddable":true,"href":"https:\/\/bergmangroup.pl\/index.php\/wp-json\/wp\/v2\/comments?post=2"}],"version-history":[{"count":1,"href":"https:\/\/bergmangroup.pl\/index.php\/wp-json\/wp\/v2\/pages\/2\/revisions"}],"predecessor-version":[{"id":865,"href":"https:\/\/bergmangroup.pl\/index.php\/wp-json\/wp\/v2\/pages\/2\/revisions\/865"}],"wp:attachment":[{"href":"https:\/\/bergmangroup.pl\/index.php\/wp-json\/wp\/v2\/media?parent=2"}],"curies":[{"name":"wp","href":"https:\/\/api.w.org\/{rel}","templated":true}]}}